{"id":46719,"date":"2026-02-16T08:17:05","date_gmt":"2026-02-16T08:17:05","guid":{"rendered":"https:\/\/globalgiftsupplier.com\/?post_type=product&#038;p=46719"},"modified":"2026-02-16T08:17:05","modified_gmt":"2026-02-16T08:17:05","slug":"3-in-1-retractable-fast-charging-cable","status":"publish","type":"product","link":"https:\/\/globalgiftsupplier.com\/de\/product\/3-in-1-retractable-fast-charging-cable\/","title":{"rendered":"3 in 1 Einziehbares Schnellladekabel"},"content":{"rendered":"<h4 data-start=\"902\" data-end=\"924\"><\/h4>\n<ul data-start=\"925\" data-end=\"1412\">\n<li data-start=\"925\" data-end=\"1022\">\n<p data-start=\"927\" data-end=\"1022\"><strong data-start=\"927\" data-end=\"945\">3-in-1-Design:<\/strong> Enth\u00e4lt Lightning-, Micro-USB- und Typ-C-Anschl\u00fcsse f\u00fcr vielseitiges Aufladen.<\/p>\n<\/li>\n<li data-start=\"1023\" data-end=\"1122\">\n<p data-start=\"1025\" data-end=\"1122\"><strong data-start=\"1025\" data-end=\"1053\">Einstellbare Kabell\u00e4nge:<\/strong> Das Kabel ist bis zu 47,3\u2033 lang und kann ohne Verheddern eingezogen werden.<\/p>\n<\/li>\n<li data-start=\"1123\" data-end=\"1232\">\n<p data-start=\"1125\" data-end=\"1232\"><strong data-start=\"1125\" data-end=\"1153\">Universelle Kompatibilit\u00e4t:<\/strong> Funktioniert mit den meisten Smartphones, Kameras, Videospielger\u00e4ten und MP3\/MP4-Playern.<\/p>\n<\/li>\n<li data-start=\"1233\" data-end=\"1326\">\n<p data-start=\"1235\" data-end=\"1326\"><strong data-start=\"1235\" data-end=\"1255\">Individuelles Branding:<\/strong> Personalisieren Sie die Schutzh\u00fclle mit Ihrem Logo, um die Sichtbarkeit zu erh\u00f6hen.<\/p>\n<\/li>\n<li data-start=\"1327\" data-end=\"1412\">\n<p data-start=\"1329\" data-end=\"1412\"><strong data-start=\"1329\" data-end=\"1353\">Ideal f\u00fcr Werbegeschenke:<\/strong> Ein perfekter Werbeartikel, der die Aufmerksamkeit auf sich zieht.<\/p>\n<\/li>\n<\/ul>\n<h4 data-start=\"1414\" data-end=\"1438\"><strong data-start=\"1419\" data-end=\"1438\">Spezifikationen:<\/strong><\/h4>\n<ul data-start=\"1439\" data-end=\"1829\">\n<li data-start=\"1439\" data-end=\"1489\">\n<p data-start=\"1441\" data-end=\"1489\"><strong data-start=\"1441\" data-end=\"1458\">Kabell\u00e4nge:<\/strong> Einstellbar, maximale L\u00e4nge 47,3\u2033.<\/p>\n<\/li>\n<li data-start=\"1490\" data-end=\"1555\">\n<p data-start=\"1492\" data-end=\"1555\"><strong data-start=\"1492\" data-end=\"1512\">Kompatibel mit:<\/strong> Lightning-, Micro-USB- und Typ-C-Ger\u00e4te<\/p>\n<\/li>\n<li data-start=\"1556\" data-end=\"1577\">\n<p data-start=\"1558\" data-end=\"1577\"><strong data-start=\"1558\" data-end=\"1571\">Material:<\/strong> TPE<\/p>\n<\/li>\n<li data-start=\"1578\" data-end=\"1610\">\n<p data-start=\"1580\" data-end=\"1610\"><strong data-start=\"1580\" data-end=\"1589\">Gr\u00f6\u00dfe:<\/strong> 47\u2033 (Kabell\u00e4nge)<\/p>\n<\/li>\n<li data-start=\"1643\" data-end=\"1706\">\n<p data-start=\"1645\" data-end=\"1706\"><strong data-start=\"1645\" data-end=\"1665\">Versandgewicht:<\/strong> 25 lbs pro Karton (250 St\u00fcck pro Karton)<\/p>\n<\/li>\n<li data-start=\"1707\" data-end=\"1772\">\n<p data-start=\"1709\" data-end=\"1772\"><strong data-start=\"1709\" data-end=\"1729\">Produktionszeit:<\/strong> 15 Arbeitstage (Eilservice verf\u00fcgbar)<\/p>\n<\/li>\n<li data-start=\"1773\" data-end=\"1807\">\n<p data-start=\"1775\" data-end=\"1807\"><strong data-start=\"1775\" data-end=\"1794\">Druckverfahren:<\/strong> Siebdruck<\/p>\n<\/li>\n<li data-start=\"1808\" data-end=\"1829\">\n<p data-start=\"1810\" data-end=\"1829\"><strong data-start=\"1810\" data-end=\"1821\">Herkunft:<\/strong> China<\/p>\n<\/li>\n<\/ul>\n<h4 data-start=\"1831\" data-end=\"1857\"><strong data-start=\"1836\" data-end=\"1857\">Verf\u00fcgbare Farben:<\/strong><\/h4>\n<p data-start=\"1858\" data-end=\"1894\">Golden, Schwarz, Blau, Rot, Rosa, Grau<\/p>\n<h4 data-start=\"2066\" data-end=\"2085\"><strong data-start=\"2071\" data-end=\"2085\">Ideal f\u00fcr:<\/strong><\/h4>\n<ul data-start=\"2086\" data-end=\"2168\">\n<li data-start=\"2086\" data-end=\"2168\">\n<p data-start=\"2088\" data-end=\"2168\"><strong data-start=\"2088\" data-end=\"2168\">Firmengeschenke, Werbegeschenke, mobiles Zubeh\u00f6r, individuelles Branding.<\/strong><\/p>\n<\/li>\n<\/ul>","protected":false},"excerpt":{"rendered":"<p>Dieses mehrfach einziehbare 3-in-1-Ladekabel mit Blitzanschluss wird mit drei h\u00e4ufig verwendeten Adaptern geliefert, die mit den meisten Smartphones, Videospielger\u00e4ten, Kameras und MP3-\/MP4-Playern kompatibel sind. Mit einer verstellbaren Kabell\u00e4nge von bis zu 47,3\u2033 bietet es eine bequeme, verhedderungsfreie L\u00f6sung f\u00fcr alle Ihre Ladeanforderungen. Das Federkabel kann gedehnt und eingezogen werden, ohne sich zu verdrehen oder zu verheddern, und eignet sich somit perfekt f\u00fcr verschiedene Szenarien. Das Stromkabel ist schlank und tragbar und damit ein ideales Werbegeschenk. F\u00fcgen Sie Ihr Logo auf der Schutzh\u00fclle der Spule hinzu, um die Sichtbarkeit Ihrer Marke zu erh\u00f6hen.<\/p>","protected":false},"featured_media":46720,"template":"","meta":{"_gspb_post_css":""},"product_brand":[],"product_cat":[27],"product_tag":[],"class_list":{"0":"post-46719","1":"product","2":"type-product","3":"status-publish","4":"has-post-thumbnail","6":"product_cat-technology","8":"first","9":"instock","10":"shipping-taxable","11":"product-type-simple"},"_links":{"self":[{"href":"https:\/\/globalgiftsupplier.com\/de\/wp-json\/wp\/v2\/product\/46719","targetHints":{"allow":["GET"]}}],"collection":[{"href":"https:\/\/globalgiftsupplier.com\/de\/wp-json\/wp\/v2\/product"}],"about":[{"href":"https:\/\/globalgiftsupplier.com\/de\/wp-json\/wp\/v2\/types\/product"}],"wp:featuredmedia":[{"embeddable":true,"href":"https:\/\/globalgiftsupplier.com\/de\/wp-json\/wp\/v2\/media\/46720"}],"wp:attachment":[{"href":"https:\/\/globalgiftsupplier.com\/de\/wp-json\/wp\/v2\/media?parent=46719"}],"wp:term":[{"taxonomy":"product_brand","embeddable":true,"href":"https:\/\/globalgiftsupplier.com\/de\/wp-json\/wp\/v2\/product_brand?post=46719"},{"taxonomy":"product_cat","embeddable":true,"href":"https:\/\/globalgiftsupplier.com\/de\/wp-json\/wp\/v2\/product_cat?post=46719"},{"taxonomy":"product_tag","embeddable":true,"href":"https:\/\/globalgiftsupplier.com\/de\/wp-json\/wp\/v2\/product_tag?post=46719"}],"curies":[{"name":"wp","href":"https:\/\/api.w.org\/{rel}","templated":true}]}}