{"id":46713,"date":"2026-02-16T06:06:04","date_gmt":"2026-02-16T06:06:04","guid":{"rendered":"https:\/\/globalgiftsupplier.com\/?post_type=product&#038;p=46713"},"modified":"2026-02-16T06:07:11","modified_gmt":"2026-02-16T06:07:11","slug":"portable-mini-power-bank-with-3-in-1-charge-cable","status":"publish","type":"product","link":"https:\/\/globalgiftsupplier.com\/de\/product\/portable-mini-power-bank-with-3-in-1-charge-cable\/","title":{"rendered":"Tragbare Mini-Powerbank mit 3-in-1-Ladekabel"},"content":{"rendered":"<p data-start=\"289\" data-end=\"799\">\n<h4 data-start=\"801\" data-end=\"823\"><strong data-start=\"806\" data-end=\"823\">Wesentliche Merkmale:<\/strong><\/h4>\n<ul data-start=\"824\" data-end=\"1354\">\n<li data-start=\"824\" data-end=\"901\">\n<p data-start=\"826\" data-end=\"901\"><strong data-start=\"826\" data-end=\"847\">Kapazit\u00e4t und Leistung:<\/strong> 2300mAh, 2,4A Ausgang f\u00fcr effizientes und schnelles Laden.<\/p>\n<\/li>\n<li data-start=\"902\" data-end=\"1030\">\n<p data-start=\"904\" data-end=\"1030\"><strong data-start=\"904\" data-end=\"932\">Universelle Kompatibilit\u00e4t:<\/strong> Enth\u00e4lt Lightning-, Micro-USB- und Typ-C-Adapter f\u00fcr die Kompatibilit\u00e4t mit fast allen Smartphones.<\/p>\n<\/li>\n<li data-start=\"1031\" data-end=\"1114\">\n<p data-start=\"1033\" data-end=\"1114\"><strong data-start=\"1033\" data-end=\"1061\">Einstellbare Kabell\u00e4nge:<\/strong> Das Kabel reicht von 5,91\u2033 bis 27,56\u2033, ohne sich zu verheddern.<\/p>\n<\/li>\n<li data-start=\"1115\" data-end=\"1191\">\n<p data-start=\"1117\" data-end=\"1191\"><strong data-start=\"1117\" data-end=\"1140\">Kompakt und tragbar:<\/strong> Leicht zu tragen und perfekt f\u00fcr Reisen oder den t\u00e4glichen Gebrauch.<\/p>\n<\/li>\n<li data-start=\"1192\" data-end=\"1278\">\n<p data-start=\"1194\" data-end=\"1278\"><strong data-start=\"1194\" data-end=\"1214\">Individuelles Branding:<\/strong> F\u00fcgen Sie der Schutzh\u00fclle Ihr Logo hinzu und verleihen Sie ihr eine pers\u00f6nliche Note.<\/p>\n<\/li>\n<li data-start=\"1279\" data-end=\"1354\">\n<p data-start=\"1281\" data-end=\"1354\"><strong data-start=\"1281\" data-end=\"1302\">Perfektes Giveaway:<\/strong> Ein gro\u00dfartiger Werbeartikel f\u00fcr Unternehmen und Veranstaltungen.<\/p>\n<\/li>\n<\/ul>\n<h4 data-start=\"1356\" data-end=\"1380\"><strong data-start=\"1361\" data-end=\"1380\">Spezifikationen:<\/strong><\/h4>\n<ul data-start=\"1381\" data-end=\"1761\">\n<li data-start=\"1381\" data-end=\"1406\">\n<p data-start=\"1383\" data-end=\"1406\"><strong data-start=\"1383\" data-end=\"1396\">Kapazit\u00e4t:<\/strong> 2300mAh<\/p>\n<\/li>\n<li data-start=\"1407\" data-end=\"1427\">\n<p data-start=\"1409\" data-end=\"1427\"><strong data-start=\"1409\" data-end=\"1420\">Ausgabe:<\/strong> 2.4A<\/p>\n<\/li>\n<li data-start=\"1428\" data-end=\"1481\">\n<p data-start=\"1430\" data-end=\"1481\"><strong data-start=\"1430\" data-end=\"1447\">Kabell\u00e4nge:<\/strong> Einstellbar von 5,91\u2033 bis 27,56\u2033.<\/p>\n<\/li>\n<li data-start=\"1482\" data-end=\"1503\">\n<p data-start=\"1484\" data-end=\"1503\"><strong data-start=\"1484\" data-end=\"1497\">Material:<\/strong> ABS<\/p>\n<\/li>\n<li data-start=\"1504\" data-end=\"1539\">\n<p data-start=\"1506\" data-end=\"1539\"><strong data-start=\"1506\" data-end=\"1515\">Gr\u00f6\u00dfe:<\/strong> 2,53\u2033 x 2,42\u2033 x 1,56\u2033<\/p>\n<\/li>\n<li data-start=\"1540\" data-end=\"1564\">\n<p data-start=\"1542\" data-end=\"1564\"><strong data-start=\"1542\" data-end=\"1553\">Gewicht:<\/strong> 0,165 kg<\/p>\n<\/li>\n<li data-start=\"1565\" data-end=\"1620\">\n<p data-start=\"1567\" data-end=\"1620\"><strong data-start=\"1567\" data-end=\"1587\">Versandgewicht:<\/strong> 31 lbs pro Karton (80 St\u00fcck\/ctn)<\/p>\n<\/li>\n<li data-start=\"1621\" data-end=\"1642\">\n<p data-start=\"1623\" data-end=\"1642\"><strong data-start=\"1623\" data-end=\"1634\">Herkunft:<\/strong> China<\/p>\n<\/li>\n<li data-start=\"1643\" data-end=\"1717\">\n<p data-start=\"1645\" data-end=\"1717\"><strong data-start=\"1645\" data-end=\"1665\">Produktionszeit:<\/strong> 17 Arbeitstage (Eilservice verf\u00fcgbar, 15 Tage)<\/p>\n<\/li>\n<li data-start=\"1718\" data-end=\"1761\">\n<p data-start=\"1720\" data-end=\"1761\"><strong data-start=\"1720\" data-end=\"1739\">Druckverfahren:<\/strong> Siebdruck<\/p>\n<\/li>\n<\/ul>\n<h4 data-start=\"1763\" data-end=\"1789\"><strong data-start=\"1768\" data-end=\"1789\">Verf\u00fcgbare Farben:<\/strong><\/h4>\n<p data-start=\"1790\" data-end=\"1816\">Wei\u00df, Schwarz, Gr\u00fcn, Rot<\/p>\n<h4 data-start=\"1988\" data-end=\"2007\"><strong data-start=\"1993\" data-end=\"2007\">Ideal f\u00fcr:<\/strong><\/h4>\n<ul data-start=\"2008\" data-end=\"2089\">\n<li data-start=\"2008\" data-end=\"2089\">\n<p data-start=\"2010\" data-end=\"2089\"><strong data-start=\"2010\" data-end=\"2089\">Firmengeschenke, mobiles Zubeh\u00f6r, Werbeartikel, individuelles Branding.<\/strong><\/p>\n<\/li>\n<\/ul>","protected":false},"excerpt":{"rendered":"<p>Diese schlanke und tragbare Mini-Powerbank verf\u00fcgt \u00fcber eine Kapazit\u00e4t von 2300 mAh und eine Ausgangsleistung von 2,4 A - perfekt, um Ihre mobilen Ger\u00e4te unterwegs aufzuladen. Im Lieferumfang ist ein 3-in-1-Ladekabel mit Lightning-, Micro-USB- und Typ-C-Anschl\u00fcssen enthalten, das mit den meisten Smartphones kompatibel ist. Das Federkabel l\u00e4sst sich von 5,91\u2033 auf 27,56\u2033 verl\u00e4ngern und sorgt daf\u00fcr, dass es sich nicht verheddert oder verdreht. Diese Powerbank ist kompakt, leicht und bietet Platz f\u00fcr ein individuelles Branding auf der Schutzh\u00fclle, wodurch sie sich ideal f\u00fcr Werbegeschenke oder Werbezwecke eignet.<\/p>","protected":false},"featured_media":46714,"template":"","meta":{"_gspb_post_css":""},"product_brand":[],"product_cat":[27],"product_tag":[],"class_list":{"0":"post-46713","1":"product","2":"type-product","3":"status-publish","4":"has-post-thumbnail","6":"product_cat-technology","8":"first","9":"instock","10":"shipping-taxable","11":"product-type-simple"},"_links":{"self":[{"href":"https:\/\/globalgiftsupplier.com\/de\/wp-json\/wp\/v2\/product\/46713","targetHints":{"allow":["GET"]}}],"collection":[{"href":"https:\/\/globalgiftsupplier.com\/de\/wp-json\/wp\/v2\/product"}],"about":[{"href":"https:\/\/globalgiftsupplier.com\/de\/wp-json\/wp\/v2\/types\/product"}],"wp:featuredmedia":[{"embeddable":true,"href":"https:\/\/globalgiftsupplier.com\/de\/wp-json\/wp\/v2\/media\/46714"}],"wp:attachment":[{"href":"https:\/\/globalgiftsupplier.com\/de\/wp-json\/wp\/v2\/media?parent=46713"}],"wp:term":[{"taxonomy":"product_brand","embeddable":true,"href":"https:\/\/globalgiftsupplier.com\/de\/wp-json\/wp\/v2\/product_brand?post=46713"},{"taxonomy":"product_cat","embeddable":true,"href":"https:\/\/globalgiftsupplier.com\/de\/wp-json\/wp\/v2\/product_cat?post=46713"},{"taxonomy":"product_tag","embeddable":true,"href":"https:\/\/globalgiftsupplier.com\/de\/wp-json\/wp\/v2\/product_tag?post=46713"}],"curies":[{"name":"wp","href":"https:\/\/api.w.org\/{rel}","templated":true}]}}