{"id":46653,"date":"2026-02-13T01:54:24","date_gmt":"2026-02-13T01:54:24","guid":{"rendered":"https:\/\/globalgiftsupplier.com\/?post_type=product&#038;p=46653"},"modified":"2026-02-13T02:00:44","modified_gmt":"2026-02-13T02:00:44","slug":"usb-charging-cable-retractable-3-in-1","status":"publish","type":"product","link":"https:\/\/globalgiftsupplier.com\/de\/product\/usb-charging-cable-retractable-3-in-1\/","title":{"rendered":"USB-Ladekabel Einziehbar 3 in 1"},"content":{"rendered":"<ul data-start=\"974\" data-end=\"1457\">\n<li data-start=\"974\" data-end=\"1052\">\n<p data-start=\"976\" data-end=\"1052\"><strong data-start=\"976\" data-end=\"994\">3-in-1-Design:<\/strong> Kompatibel mit Lightning-, Typ-C- und Micro-USB-Ger\u00e4ten.<\/p>\n<\/li>\n<li data-start=\"1053\" data-end=\"1132\">\n<p data-start=\"1055\" data-end=\"1132\"><strong data-start=\"1055\" data-end=\"1079\">Hochgeschwindigkeitsaufladung:<\/strong> Bis zu 2,1 A Gesamtausgangsstrom f\u00fcr schnelleres Laden.<\/p>\n<\/li>\n<li data-start=\"1133\" data-end=\"1242\">\n<p data-start=\"1135\" data-end=\"1242\"><strong data-start=\"1135\" data-end=\"1158\">Langlebig und flexibel:<\/strong> Eleganter TPE-Mantel und einzigartige Radstruktur f\u00fcr zus\u00e4tzliche Haltbarkeit und Flexibilit\u00e4t.<\/p>\n<\/li>\n<li data-start=\"1243\" data-end=\"1333\">\n<p data-start=\"1245\" data-end=\"1333\"><strong data-start=\"1245\" data-end=\"1268\">Kompakt und tragbar:<\/strong> Klein und leicht, ideal f\u00fcr Reisen, das B\u00fcro oder den Au\u00dfeneinsatz.<\/p>\n<\/li>\n<li data-start=\"1334\" data-end=\"1395\">\n<p data-start=\"1336\" data-end=\"1395\"><strong data-start=\"1336\" data-end=\"1362\">Kundenspezifisches Logo verf\u00fcgbar:<\/strong> Personalisieren Sie mit Ihrer eigenen Marke.<\/p>\n<\/li>\n<li data-start=\"1396\" data-end=\"1457\">\n<p data-start=\"1398\" data-end=\"1457\"><strong data-start=\"1398\" data-end=\"1411\">Garantie:<\/strong> 12 Monate Garantie + 24-Stunden-Kundendienst.<\/p>\n<\/li>\n<\/ul>\n<h4 data-start=\"1201\" data-end=\"1225\">Spezifikationen:<\/h4>\n<ul data-start=\"1226\" data-end=\"1484\">\n<li data-start=\"1226\" data-end=\"1275\">\n<p data-start=\"1228\" data-end=\"1275\"><strong data-start=\"1228\" data-end=\"1248\">Versandgewicht:<\/strong> 500 St\u00fcck pro Karton, 22 lbs<\/p>\n<\/li>\n<li data-start=\"1276\" data-end=\"1325\">\n<p data-start=\"1278\" data-end=\"1325\"><strong data-start=\"1278\" data-end=\"1303\">Abmessungen der Verpackung:<\/strong> 53 cm x 38 cm x 20 cm<\/p>\n<\/li>\n<li data-start=\"1326\" data-end=\"1371\">\n<p data-start=\"1328\" data-end=\"1371\"><strong data-start=\"1328\" data-end=\"1348\">Personalisierung:<\/strong> Kundenspezifische Logos verf\u00fcgbar<\/p>\n<\/li>\n<li data-start=\"1372\" data-end=\"1401\">\n<p data-start=\"1374\" data-end=\"1401\"><strong data-start=\"1374\" data-end=\"1391\">Eildienst:<\/strong> Verf\u00fcgbar<\/p>\n<\/li>\n<li data-start=\"1402\" data-end=\"1443\">\n<p data-start=\"1404\" data-end=\"1443\"><strong data-start=\"1404\" data-end=\"1423\">Druckverfahren:<\/strong> Siebdruck<\/p>\n<\/li>\n<\/ul>\n<h4 data-start=\"1486\" data-end=\"1512\">Verf\u00fcgbare Farben:<\/h4>\n<p data-start=\"1513\" data-end=\"1542\">Schwarz, Blau, Rot, Grau, Gold.<\/p>\n<h4 data-start=\"1544\" data-end=\"1565\"><strong>Perfekt f\u00fcr:<\/strong><\/h4>\n<ul data-start=\"1566\" data-end=\"1610\">\n<li data-start=\"1566\" data-end=\"1610\">\n<p data-start=\"1568\" data-end=\"1610\">B\u00fcro, Reisen, Mobil, Auto, Outdoor.<\/p>\n<\/li>\n<\/ul>","protected":false},"excerpt":{"rendered":"<p>Dieses versenkbare 3-in-1-Ladekabel ist mit drei USB-Anschl\u00fcssen ausgestattet: Lightning, Typ-C und Micro-USB. Mit einer maximalen L\u00e4nge von 1 Meter, k\u00f6nnen Sie mit diesem Kabel bis zu 3 elektronische Ger\u00e4te gleichzeitig aufladen. Die vieradrigen Kupferdr\u00e4hte verbessern die Ladegeschwindigkeit, und der maximale Gesamtausgangsstrom kann 2,1 A erreichen (insgesamt, nicht pro Anschluss). Dieses Kabel ist mit einer hochwertigen, eleganten TPE-Ummantelung und einer Radstruktur ausgestattet und wurde f\u00fcr Langlebigkeit, Flexibilit\u00e4t und Benutzerfreundlichkeit entwickelt. Durch seine geringe Gr\u00f6\u00dfe und sein geringes Gewicht ist es perfekt f\u00fcr den Transport und den Einsatz unterwegs geeignet. Das Produkt umfasst eine 12-monatige Garantie und einen 24-Stunden-Kundendienst. Zur Personalisierung mit Ihrer Marke sind individuelle Logo-Optionen erh\u00e4ltlich.<\/p>","protected":false},"featured_media":46665,"template":"","meta":{"_gspb_post_css":""},"product_brand":[],"product_cat":[27],"product_tag":[],"class_list":{"0":"post-46653","1":"product","2":"type-product","3":"status-publish","4":"has-post-thumbnail","6":"product_cat-technology","8":"first","9":"instock","10":"shipping-taxable","11":"product-type-simple"},"_links":{"self":[{"href":"https:\/\/globalgiftsupplier.com\/de\/wp-json\/wp\/v2\/product\/46653","targetHints":{"allow":["GET"]}}],"collection":[{"href":"https:\/\/globalgiftsupplier.com\/de\/wp-json\/wp\/v2\/product"}],"about":[{"href":"https:\/\/globalgiftsupplier.com\/de\/wp-json\/wp\/v2\/types\/product"}],"wp:featuredmedia":[{"embeddable":true,"href":"https:\/\/globalgiftsupplier.com\/de\/wp-json\/wp\/v2\/media\/46665"}],"wp:attachment":[{"href":"https:\/\/globalgiftsupplier.com\/de\/wp-json\/wp\/v2\/media?parent=46653"}],"wp:term":[{"taxonomy":"product_brand","embeddable":true,"href":"https:\/\/globalgiftsupplier.com\/de\/wp-json\/wp\/v2\/product_brand?post=46653"},{"taxonomy":"product_cat","embeddable":true,"href":"https:\/\/globalgiftsupplier.com\/de\/wp-json\/wp\/v2\/product_cat?post=46653"},{"taxonomy":"product_tag","embeddable":true,"href":"https:\/\/globalgiftsupplier.com\/de\/wp-json\/wp\/v2\/product_tag?post=46653"}],"curies":[{"name":"wp","href":"https:\/\/api.w.org\/{rel}","templated":true}]}}