{"id":47513,"date":"2026-03-31T10:08:53","date_gmt":"2026-03-31T10:08:53","guid":{"rendered":"https:\/\/globalgiftsupplier.com\/?post_type=product&#038;p=47513"},"modified":"2026-03-31T10:08:53","modified_gmt":"2026-03-31T10:08:53","slug":"custom-die-cut-handle-kraft-paper-bag","status":"publish","type":"product","link":"https:\/\/globalgiftsupplier.com\/ar\/product\/custom-die-cut-handle-kraft-paper-bag\/","title":{"rendered":"\u0643\u064a\u0633 \u0648\u0631\u0642\u064a \u0643\u0631\u0627\u0641\u062a \u0648\u0631\u0642\u064a \u0645\u0642\u0627\u0628\u0636 \u0645\u0642\u0635\u0648\u0635\u0629 \u0628\u0627\u0644\u0642\u0627\u0644\u0628 \u0645\u062e\u0635\u0635"},"content":{"rendered":"<p data-start=\"1207\" data-end=\"1516\">\u0635\u064f\u0645\u0645\u062a \u0647\u0630\u0647 \u0627\u0644\u062d\u0642\u064a\u0628\u0629 \u0627\u0644\u0648\u0631\u0642\u064a\u0629 \u0627\u0644\u0645\u0635\u0646\u0648\u0639\u0629 \u0645\u0646 \u0648\u0631\u0642 \u0627\u0644\u0643\u0631\u0627\u0641\u062a \u0630\u0627\u062a \u0627\u0644\u0645\u0642\u0628\u0636 \u0627\u0644\u0645\u0642\u0637\u0648\u0639 \u0628\u0627\u0644\u0642\u0627\u0644\u0628 \u0627\u0644\u0645\u062e\u0635\u0635 \u0644\u062d\u0645\u0644 \u0645\u0631\u064a\u062d \u0648\u062a\u063a\u0644\u064a\u0641 \u064a\u0648\u0645\u064a \u0646\u0638\u064a\u0641. \u0648\u0647\u064a \u0645\u0635\u0646\u0648\u0639\u0629 \u0645\u0646 \u0648\u0631\u0642 \u0627\u0644\u0643\u0631\u0627\u0641\u062a \u0627\u0644\u0628\u0646\u064a\u060c \u0648\u062a\u062a\u0645\u064a\u0632 \u0628\u0645\u0642\u0628\u0636 \u0645\u062b\u0642\u0648\u0628 \u0645\u062f\u0645\u062c \u0648\u0647\u064a\u0643\u0644 \u0633\u0641\u0644\u064a \u0645\u0633\u0637\u062d \u064a\u0633\u0627\u0639\u062f \u0627\u0644\u0643\u064a\u0633 \u0639\u0644\u0649 \u0627\u0644\u0648\u0642\u0648\u0641 \u0628\u0633\u0647\u0648\u0644\u0629 \u0623\u0643\u0628\u0631 \u0623\u062b\u0646\u0627\u0621 \u0627\u0644\u062a\u0639\u0628\u0626\u0629 \u0648\u0627\u0644\u0639\u0631\u0636 \u0648\u0627\u0644\u0627\u0633\u062a\u062e\u062f\u0627\u0645 \u0641\u064a \u0627\u0644\u0648\u062c\u0628\u0627\u062a \u0627\u0644\u062c\u0627\u0647\u0632\u0629.<\/p>\n<p data-start=\"1518\" data-end=\"1795\">\u064a\u0636\u0641\u064a \u0639\u0644\u064a\u0647\u0627 \u0645\u0638\u0647\u0631 \u0643\u0631\u0627\u0641\u062a \u0627\u0644\u0628\u0633\u064a\u0637 \u0645\u0638\u0647\u0631\u064b\u0627 \u0637\u0628\u064a\u0639\u064a\u064b\u0627 \u0648\u0639\u0645\u0644\u064a\u064b\u0627\u060c \u0645\u0645\u0627 \u064a\u062c\u0639\u0644\u0647\u0627 \u0645\u0646\u0627\u0633\u0628\u0629 \u0644\u0644\u0645\u062e\u0627\u0628\u0632 \u0648\u0627\u0644\u0645\u0642\u0627\u0647\u064a \u0648\u0645\u062d\u0644\u0627\u062a \u0627\u0644\u0623\u063a\u0630\u064a\u0629 \u0648\u0645\u062a\u0627\u062c\u0631 \u0627\u0644\u0647\u062f\u0627\u064a\u0627 \u0648\u0645\u062d\u0644\u0627\u062a \u0628\u064a\u0639 \u0627\u0644\u0647\u062f\u0627\u064a\u0627 \u0648\u0639\u062f\u0627\u062f\u0627\u062a \u0627\u0644\u0628\u064a\u0639 \u0628\u0627\u0644\u062a\u062c\u0632\u0626\u0629 \u0648\u062a\u063a\u0644\u064a\u0641 \u0627\u0644\u0645\u0646\u0627\u0633\u0628\u0627\u062a. \u062a\u0648\u0641\u0631 \u0627\u0644\u0644\u0648\u062d\u0629 \u0627\u0644\u0623\u0645\u0627\u0645\u064a\u0629 \u0645\u0633\u0627\u062d\u0629 \u0648\u0627\u0636\u062d\u0629 \u0644\u0637\u0628\u0627\u0639\u0629 \u0627\u0644\u0634\u0639\u0627\u0631\u060c \u0645\u0645\u0627 \u064a\u0633\u0627\u0639\u062f \u0639\u0644\u0649 \u062a\u062d\u0648\u064a\u0644 \u0627\u0644\u0639\u0628\u0648\u0629 \u0627\u0644\u0623\u0633\u0627\u0633\u064a\u0629 \u0625\u0644\u0649 \u0639\u0646\u0635\u0631 \u0645\u0641\u064a\u062f \u0644\u0644\u0639\u0644\u0627\u0645\u0629 \u0627\u0644\u062a\u062c\u0627\u0631\u064a\u0629.<\/p>\n<p data-start=\"1797\" data-end=\"2115\">\u064a\u062a\u064a\u062d \u0642\u0627\u0639\u0647\u0627 \u0627\u0644\u0645\u0633\u0637\u062d \u062f\u0639\u0645\u064b\u0627 \u0623\u0641\u0636\u0644 \u0644\u0644\u0645\u0646\u062a\u062c\u0627\u062a \u0627\u0644\u062e\u0641\u064a\u0641\u0629 \u0645\u062b\u0644 \u0627\u0644\u062e\u0628\u0632 \u0648\u0627\u0644\u0645\u0639\u062c\u0646\u0627\u062a \u0648\u0627\u0644\u0648\u062c\u0628\u0627\u062a \u0627\u0644\u062e\u0641\u064a\u0641\u0629 \u0648\u0627\u0644\u0645\u0648\u0627\u062f \u0627\u0644\u0645\u0639\u0628\u0623\u0629 \u0641\u064a \u0639\u0644\u0628 \u0648\u0627\u0644\u0647\u062f\u0627\u064a\u0627 \u0627\u0644\u0635\u063a\u064a\u0631\u0629 \u0648\u0627\u0644\u0641\u0627\u0643\u0647\u0629 \u0648\u0627\u0644\u0633\u0644\u0639 \u0627\u0644\u064a\u0648\u0645\u064a\u0629 \u0644\u0644\u0628\u064a\u0639 \u0628\u0627\u0644\u062a\u062c\u0632\u0626\u0629. \u064a\u062d\u0627\u0641\u0638 \u062a\u0635\u0645\u064a\u0645 \u0627\u0644\u0645\u0642\u0628\u0636 \u0627\u0644\u0645\u0642\u0637\u0648\u0639 \u0628\u0627\u0644\u0642\u0627\u0644\u0628 \u0639\u0644\u0649 \u0627\u0644\u062d\u0642\u064a\u0628\u0629 \u0623\u0646\u064a\u0642\u0629 \u0648\u0633\u0647\u0644\u0629 \u0627\u0644\u062d\u0645\u0644 \u062f\u0648\u0646 \u0625\u0636\u0627\u0641\u0629 \u0645\u0648\u0627\u062f \u0645\u0642\u0628\u0636 \u0645\u0646\u0641\u0635\u0644\u0629\u060c \u0645\u0645\u0627 \u064a\u062c\u0639\u0644\u0647\u0627 \u062e\u064a\u0627\u0631\u064b\u0627 \u0639\u0645\u0644\u064a\u064b\u0627 \u0644\u0628\u0631\u0627\u0645\u062c \u0627\u0644\u062a\u063a\u0644\u064a\u0641 \u0627\u0644\u0645\u062e\u0635\u0635\u0629 \u0627\u0644\u0628\u0633\u064a\u0637\u0629.<\/p>\n<p data-start=\"2117\" data-end=\"2466\"><strong data-start=\"2117\" data-end=\"2133\">\u0627\u0644\u0645\u064a\u0632\u0627\u062a \u0627\u0644\u0631\u0626\u064a\u0633\u064a\u0629<\/strong><br data-start=\"2133\" data-end=\"2136\" \/>\u0645\u0627\u062f\u0629 \u0648\u0631\u0642 \u0627\u0644\u0643\u0631\u0627\u0641\u062a \u0627\u0644\u0628\u0646\u064a<br data-start=\"2162\" data-end=\"2165\" \/>\u0645\u0642\u0628\u0636 \u062d\u0645\u0644 \u0645\u0642\u0637\u0648\u0639 \u0628\u0627\u0644\u0642\u0627\u0644\u0628<br data-start=\"2185\" data-end=\"2188\" \/>\u062a\u0635\u0645\u064a\u0645 \u0645\u0633\u0637\u062d \u0627\u0644\u0642\u0627\u0639<br data-start=\"2206\" data-end=\"2209\" \/>\u0633\u0647\u0644\u0629 \u0627\u0644\u0641\u062a\u062d \u0648\u0627\u0644\u062a\u0639\u0628\u0626\u0629 \u0648\u0627\u0644\u062d\u0645\u0644<br data-start=\"2238\" data-end=\"2241\" \/>\u0645\u0638\u0647\u0631 \u0643\u0631\u0627\u0641\u062a \u0646\u0638\u064a\u0641 \u0648\u0628\u0633\u064a\u0637<br data-start=\"2274\" data-end=\"2277\" \/>\u062a\u062a\u0648\u0641\u0631 \u0637\u0628\u0627\u0639\u0629 \u0627\u0644\u0634\u0639\u0627\u0631 \u0627\u0644\u0645\u062e\u0635\u0635<br data-start=\"2307\" data-end=\"2310\" \/>\u0645\u0646\u0627\u0633\u0628\u0629 \u0644\u0644\u0627\u0633\u062a\u062e\u062f\u0627\u0645 \u0641\u064a \u0627\u0644\u0648\u062c\u0628\u0627\u062a \u0627\u0644\u062c\u0627\u0647\u0632\u0629 \u0648\u0627\u0644\u0628\u064a\u0639 \u0628\u0627\u0644\u062a\u062c\u0632\u0626\u0629<br data-start=\"2346\" data-end=\"2349\" \/>\u0645\u0648\u0641\u0631\u0629 \u0644\u0644\u0645\u0633\u0627\u062d\u0629 \u0648\u0633\u0647\u0644\u0629 \u0627\u0644\u062a\u062e\u0632\u064a\u0646<br data-start=\"2379\" data-end=\"2382\" \/>\u0645\u0641\u064a\u062f\u0629 \u0644\u0644\u0645\u062e\u0628\u0648\u0632\u0627\u062a \u0648\u0627\u0644\u0647\u062f\u0627\u064a\u0627 \u0648\u0639\u0628\u0648\u0627\u062a \u0627\u0644\u0645\u062a\u0627\u062c\u0631<br data-start=\"2426\" data-end=\"2429\" \/>\u062d\u0644 \u0639\u0645\u0644\u064a \u0644\u0644\u062a\u063a\u0644\u064a\u0641 \u0627\u0644\u064a\u0648\u0645\u064a<\/p>\n<p data-start=\"2468\" data-end=\"2926\"><strong data-start=\"2468\" data-end=\"2486\">\u0627\u0644\u0645\u0648\u0627\u0635\u0641\u0627\u062a<\/strong><br data-start=\"2486\" data-end=\"2489\" \/>\u0646\u0648\u0639 \u0627\u0644\u0645\u0646\u062a\u062c: \u0643\u064a\u0633 \u0648\u0631\u0642 \u0643\u0631\u0627\u0641\u062a<br data-start=\"2518\" data-end=\"2521\" \/>\u0627\u0644\u062e\u0627\u0645\u0629: \u0648\u0631\u0642 \u0643\u0631\u0627\u0641\u062a<br data-start=\"2542\" data-end=\"2545\" \/>\u0627\u0644\u0644\u0648\u0646: \u0628\u0646\u064a<br data-start=\"2557\" data-end=\"2560\" \/>\u0646\u0648\u0639 \u0627\u0644\u0645\u0642\u0628\u0636: \u0645\u0642\u0628\u0636 \u0645\u0642\u0637\u0648\u0639 \u0628\u0627\u0644\u0642\u0627\u0644\u0628<br data-start=\"2587\" data-end=\"2590\" \/>\u0627\u0644\u062a\u0635\u0645\u064a\u0645: \u0643\u064a\u0633 \u0648\u0631\u0642\u064a \u0645\u0633\u0637\u062d \u0627\u0644\u0642\u0627\u0639<br data-start=\"2619\" data-end=\"2622\" \/>\u0627\u0644\u062a\u062e\u0635\u064a\u0635: \u0637\u0628\u0627\u0639\u0629 \u0627\u0644\u0634\u0639\u0627\u0631 \u0645\u062a\u0627\u062d\u0629<br data-start=\"2660\" data-end=\"2663\" \/>\u0627\u0644\u062d\u062c\u0645 \u0627\u0644\u0645\u0648\u0636\u062d \u062a\u0642\u0631\u064a\u0628\u064b\u0627: 28 \u00d7 28 \u00d7 28 \u00d7 15 \u0633\u0645<br data-start=\"2698\" data-end=\"2701\" \/>\u0627\u0644\u0646\u0645\u0637: \u062d\u0642\u064a\u0628\u0629 \u062d\u0645\u0644 \/ \u062d\u0642\u064a\u0628\u0629 \u062a\u063a\u0644\u064a\u0641<br data-start=\"2733\" data-end=\"2736\" \/>\u0627\u0644\u0627\u0633\u062a\u062e\u062f\u0627\u0645: \u0639\u0628\u0648\u0627\u062a \u0627\u0644\u0628\u064a\u0639 \u0628\u0627\u0644\u062a\u062c\u0632\u0626\u0629\u060c \u0639\u0628\u0648\u0627\u062a \u0627\u0644\u0648\u062c\u0628\u0627\u062a \u0627\u0644\u062c\u0627\u0647\u0632\u0629\u060c \u0639\u0628\u0648\u0627\u062a \u0627\u0644\u0645\u062e\u0628\u0648\u0632\u0627\u062a\u060c \u0639\u0628\u0648\u0627\u062a \u0627\u0644\u0647\u062f\u0627\u064a\u0627<br data-start=\"2813\" data-end=\"2816\" \/>\u0627\u0644\u0627\u0633\u062a\u062e\u062f\u0627\u0645: \u0627\u0644\u062e\u0628\u0632 \u0648\u0627\u0644\u0645\u0639\u062c\u0646\u0627\u062a \u0648\u0627\u0644\u0648\u062c\u0628\u0627\u062a \u0627\u0644\u062e\u0641\u064a\u0641\u0629 \u0648\u0627\u0644\u0648\u062c\u0628\u0627\u062a \u0627\u0644\u062c\u0627\u0647\u0632\u0629 \u0648\u0627\u0644\u0633\u0644\u0639 \u0627\u0644\u0645\u0639\u0628\u0623\u0629 \u0648\u0627\u0644\u0647\u062f\u0627\u064a\u0627 \u0627\u0644\u0635\u063a\u064a\u0631\u0629 \u0648\u0627\u0644\u0644\u0648\u0627\u0632\u0645 \u0627\u0644\u064a\u0648\u0645\u064a\u0629<br data-start=\"2910\" data-end=\"2913\" \/>\u0627\u0644\u0645\u0646\u0634\u0623: \u0627\u0644\u0635\u064a\u0646<\/p>\n<p data-start=\"2928\" data-end=\"3277\"><strong data-start=\"2928\" data-end=\"2955\">\u0644\u0645\u0627\u0630\u0627 \u062a\u062e\u062a\u0627\u0631 \u0647\u0630\u0627 \u0627\u0644\u0645\u0646\u062a\u062c<\/strong><br data-start=\"2955\" data-end=\"2958\" \/>\u064a\u062c\u0645\u0639 \u0643\u064a\u0633 \u0648\u0631\u0642 \u0627\u0644\u0643\u0631\u0627\u0641\u062a \u0647\u0630\u0627 \u0628\u064a\u0646 \u0627\u0644\u0645\u0638\u0647\u0631 \u0627\u0644\u0628\u0633\u064a\u0637 \u0648\u0633\u0647\u0648\u0644\u0629 \u0627\u0644\u062d\u0645\u0644 \u0648\u0627\u0644\u0623\u062f\u0627\u0621 \u0627\u0644\u0639\u0645\u0644\u064a \u0641\u064a \u0627\u0644\u062a\u0639\u0628\u0626\u0629 \u0648\u0627\u0644\u062a\u063a\u0644\u064a\u0641. \u0627\u0644\u0645\u0642\u0628\u0636 \u0627\u0644\u0645\u0642\u0637\u0648\u0639 \u0628\u0627\u0644\u0642\u0627\u0644\u0628 \u064a\u062c\u0639\u0644\u0647 \u0645\u0646\u0627\u0633\u0628\u064b\u0627 \u0644\u0644\u0627\u0633\u062a\u062e\u062f\u0627\u0645 \u0627\u0644\u064a\u0648\u0645\u064a\u060c \u0628\u064a\u0646\u0645\u0627 \u064a\u0633\u0627\u0639\u062f \u0627\u0644\u062c\u0632\u0621 \u0627\u0644\u0633\u0641\u0644\u064a \u0627\u0644\u0645\u0633\u0637\u062d \u0639\u0644\u0649 \u062a\u062d\u0633\u064a\u0646 \u0627\u0644\u062a\u0639\u0628\u0626\u0629 \u0648\u0627\u0644\u062a\u0642\u062f\u064a\u0645. \u0625\u0646\u0647 \u062e\u064a\u0627\u0631 \u062c\u064a\u062f \u0644\u0644\u0634\u0631\u0643\u0627\u062a \u0627\u0644\u062a\u064a \u062a\u0631\u063a\u0628 \u0641\u064a \u0627\u0644\u062d\u0635\u0648\u0644 \u0639\u0644\u0649 \u0639\u0628\u0648\u0627\u062a \u0643\u0631\u0627\u0641\u062a \u0639\u0645\u0644\u064a\u0629 \u0648\u0628\u0623\u0633\u0639\u0627\u0631 \u0645\u0639\u0642\u0648\u0644\u0629 \u0648\u0642\u0627\u0628\u0644\u0629 \u0644\u0644\u062a\u062e\u0635\u064a\u0635.<\/p>\n<p data-start=\"3279\" data-end=\"3559\"><strong data-start=\"3279\" data-end=\"3292\">\u0645\u062b\u0627\u0644\u064a \u0644\u0640<\/strong><br data-start=\"3292\" data-end=\"3295\" \/>\u0639\u0628\u0648\u0627\u062a \u0627\u0644\u0645\u062e\u0628\u0648\u0632\u0627\u062a<br data-start=\"3311\" data-end=\"3314\" \/>\u062a\u063a\u0644\u064a\u0641 \u0627\u0644\u0648\u062c\u0628\u0627\u062a \u0627\u0644\u062c\u0627\u0647\u0632\u0629<br data-start=\"3337\" data-end=\"3340\" \/>\u062a\u063a\u0644\u064a\u0641 \u0627\u0644\u0645\u0642\u0627\u0647\u064a \u0648\u0645\u062d\u0644\u0627\u062a \u0627\u0644\u062d\u0644\u0648\u064a\u0627\u062a<br data-start=\"3371\" data-end=\"3374\" \/>\u062d\u0642\u0627\u0626\u0628 \u0627\u0644\u062d\u0645\u0644 \u0628\u0627\u0644\u062a\u062c\u0632\u0626\u0629<br data-start=\"3391\" data-end=\"3394\" \/>\u0639\u0628\u0648\u0627\u062a \u0645\u062a\u062c\u0631 \u0627\u0644\u0647\u062f\u0627\u064a\u0627<br data-start=\"3414\" data-end=\"3417\" \/>\u0639\u0628\u0648\u0627\u062a \u0647\u062f\u0627\u064a\u0627 \u0627\u0644\u0641\u0639\u0627\u0644\u064a\u0627\u062a<br data-start=\"3441\" data-end=\"3444\" \/>\u062a\u063a\u0644\u064a\u0641 \u0627\u0644\u0648\u062c\u0628\u0627\u062a \u0627\u0644\u062e\u0641\u064a\u0641\u0629 \u0648\u0627\u0644\u062e\u0628\u0632<br data-start=\"3469\" data-end=\"3472\" \/>\u0623\u0643\u064a\u0627\u0633 \u062a\u0633\u0648\u0642 \u0627\u0644\u0645\u0646\u062a\u062c\u0627\u062a \u0627\u0644\u0635\u063a\u064a\u0631\u0629<br data-start=\"3499\" data-end=\"3502\" \/>\u062a\u063a\u0644\u064a\u0641 \u0627\u0644\u0645\u062a\u062c\u0631 \u0627\u0644\u064a\u0648\u0645\u064a<br data-start=\"3523\" data-end=\"3526\" \/>\u0628\u0631\u0627\u0645\u062c \u0627\u0644\u0623\u0643\u064a\u0627\u0633 \u0627\u0644\u0648\u0631\u0642\u064a\u0629 \u0630\u0627\u062a \u0627\u0644\u0639\u0644\u0627\u0645\u0627\u062a \u0627\u0644\u062a\u062c\u0627\u0631\u064a\u0629 \u0627\u0644\u0645\u062e\u0635\u0635\u0629<\/p>\n<p data-start=\"3561\" data-end=\"3568\"><strong data-start=\"3561\" data-end=\"3568\">\u0627\u0644\u0623\u0633\u0626\u0644\u0629 \u0627\u0644\u0634\u0627\u0626\u0639\u0629<\/strong><\/p>\n<p data-start=\"3570\" data-end=\"3667\"><strong data-start=\"3570\" data-end=\"3610\">\u0647\u0644 \u064a\u0645\u0643\u0646 \u0637\u0628\u0627\u0639\u0629 \u0634\u0639\u0627\u0631 \u0639\u0644\u0649 \u0647\u0630\u0647 \u0627\u0644\u062d\u0642\u064a\u0628\u0629\u061f<\/strong><br data-start=\"3610\" data-end=\"3613\" \/>\u0646\u0639\u0645\u060c \u064a\u0645\u0643\u0646 \u062a\u062e\u0635\u064a\u0635 \u0627\u0644\u0644\u0648\u062d\u0629 \u0627\u0644\u0623\u0645\u0627\u0645\u064a\u0629 \u0628\u0634\u0639\u0627\u0631\u0643.<\/p>\n<p data-start=\"3669\" data-end=\"3762\"><strong data-start=\"3669\" data-end=\"3706\">\u0645\u0627 \u0646\u0648\u0639 \u0627\u0644\u0645\u0642\u0628\u0636 \u0627\u0644\u0630\u064a \u064a\u062d\u062a\u0648\u064a \u0639\u0644\u064a\u0647\u061f<\/strong><br data-start=\"3706\" data-end=\"3709\" \/>\u064a\u0633\u062a\u062e\u062f\u0645 \u0645\u0642\u0628\u0636 \u0645\u0642\u0637\u0648\u0639 \u0628\u0627\u0644\u0642\u0627\u0644\u0628 \u0645\u062f\u0645\u062c \u0645\u0628\u0627\u0634\u0631\u0629 \u0641\u064a \u0627\u0644\u062d\u0642\u064a\u0628\u0629.<\/p>\n<p data-start=\"3764\" data-end=\"3882\"><strong data-start=\"3764\" data-end=\"3797\">\u0647\u0644 \u064a\u0642\u0641 \u0639\u0646\u062f \u0645\u0644\u0626\u0647\u061f<\/strong><br data-start=\"3797\" data-end=\"3800\" \/>\u0646\u0639\u0645. \u064a\u0633\u0627\u0639\u062f \u062a\u0635\u0645\u064a\u0645 \u0627\u0644\u0642\u0627\u0639 \u0627\u0644\u0645\u0633\u0637\u062d \u0639\u0644\u0649 \u0627\u0644\u0648\u0642\u0648\u0641 \u0628\u0633\u0647\u0648\u0644\u0629 \u0623\u0643\u0628\u0631 \u0623\u062b\u0646\u0627\u0621 \u0627\u0644\u062a\u0639\u0628\u0626\u0629 \u0648\u0627\u0644\u0639\u0631\u0636.<\/p>\n<p data-start=\"3884\" data-end=\"4023\"><strong data-start=\"3884\" data-end=\"3921\">\u0645\u0627 \u0647\u064a \u0627\u0644\u0645\u0646\u062a\u062c\u0627\u062a \u0627\u0644\u062a\u064a \u062a\u0646\u0627\u0633\u0628\u0647\u0627\u061f<\/strong><br data-start=\"3921\" data-end=\"3924\" \/>\u0648\u0647\u064a \u0645\u0646\u0627\u0633\u0628\u0629 \u0644\u0644\u0645\u0639\u062c\u0646\u0627\u062a\u060c \u0648\u0627\u0644\u062e\u0628\u0632\u060c \u0648\u0627\u0644\u0648\u062c\u0628\u0627\u062a \u0627\u0644\u062e\u0641\u064a\u0641\u0629\u060c \u0648\u0627\u0644\u0648\u062c\u0628\u0627\u062a \u0627\u0644\u062c\u0627\u0647\u0632\u0629\u060c \u0648\u0627\u0644\u0645\u0646\u062a\u062c\u0627\u062a \u0627\u0644\u0645\u0639\u0628\u0623\u0629\u060c \u0648\u0633\u0644\u0639 \u0627\u0644\u062a\u062c\u0632\u0626\u0629 \u0627\u0644\u0635\u063a\u064a\u0631\u0629.<\/p>\n<p data-start=\"4025\" data-end=\"4118\"><strong data-start=\"4025\" data-end=\"4063\">\u0645\u0627 \u0647\u0648 \u0627\u0644\u062d\u062c\u0645 \u0627\u0644\u0645\u0648\u0636\u062d \u0641\u064a \u0627\u0644\u0635\u0648\u0631\u0629\u061f<\/strong><br data-start=\"4063\" data-end=\"4066\" \/>\u064a\u0628\u0644\u063a \u0627\u0644\u062d\u062c\u0645 \u0627\u0644\u0645\u0639\u0631\u0648\u0636 28 \u00d7 28 \u00d7 15 \u0633\u0645 \u062a\u0642\u0631\u064a\u0628\u0627\u064b.<\/p>\n<p data-start=\"4120\" data-end=\"4240\"><strong data-start=\"4120\" data-end=\"4167\">\u0647\u0644 \u0647\u0648 \u0645\u0646\u0627\u0633\u0628 \u0644\u0644\u0627\u0633\u062a\u062e\u062f\u0627\u0645 \u0628\u0627\u0644\u062a\u062c\u0632\u0626\u0629 \u0648\u0627\u0644\u0648\u062c\u0628\u0627\u062a \u0627\u0644\u062c\u0627\u0647\u0632\u0629\u061f<\/strong><br data-start=\"4167\" data-end=\"4170\" \/>\u0646\u0639\u0645\u060c \u0625\u0646\u0647 \u064a\u0639\u0645\u0644 \u0628\u0634\u0643\u0644 \u062c\u064a\u062f \u0644\u0643\u0644 \u0645\u0646 \u0639\u0628\u0648\u0627\u062a \u0627\u0644\u0645\u062a\u0627\u062c\u0631 \u0648\u0627\u0644\u0648\u062c\u0628\u0627\u062a \u0627\u0644\u062c\u0627\u0647\u0632\u0629.<\/p>","protected":false},"excerpt":{"rendered":"<p>\u062a\u064f\u0639\u062f \u0647\u0630\u0647 \u0627\u0644\u062d\u0642\u064a\u0628\u0629 \u0627\u0644\u0648\u0631\u0642\u064a\u0629 \u0627\u0644\u0645\u0635\u0646\u0648\u0639\u0629 \u0645\u0646 \u0648\u0631\u0642 \u0627\u0644\u0643\u0631\u0627\u0641\u062a \u0630\u0627\u062a \u0627\u0644\u0645\u0642\u0628\u0636 \u0627\u0644\u0645\u0642\u0637\u0648\u0639 \u0628\u0627\u0644\u0642\u0627\u0644\u0628 \u0627\u0644\u0645\u062e\u0635\u0635 \u062e\u064a\u0627\u0631\u064b\u0627 \u0628\u0633\u064a\u0637\u064b\u0627 \u0648\u0639\u0645\u0644\u064a\u064b\u0627 \u0644\u0644\u062a\u063a\u0644\u064a\u0641 \u0641\u064a \u0645\u062a\u0627\u062c\u0631 \u0627\u0644\u062a\u062c\u0632\u0626\u0629 \u0648\u0627\u0644\u0648\u062c\u0628\u0627\u062a \u0627\u0644\u062c\u0627\u0647\u0632\u0629 \u0648\u0627\u0644\u0645\u062e\u0627\u0628\u0632 \u0648\u0627\u0644\u0627\u0633\u062a\u062e\u062f\u0627\u0645 \u0627\u0644\u064a\u0648\u0645\u064a \u0644\u0644\u0645\u062a\u0627\u062c\u0631. \u0645\u0635\u0646\u0648\u0639\u0629 \u0645\u0646 \u0648\u0631\u0642 \u0627\u0644\u0643\u0631\u0627\u0641\u062a \u0627\u0644\u0628\u0646\u064a \u0645\u0639 \u0642\u0627\u0639 \u0645\u0633\u0637\u062d \u0648\u0645\u0642\u0628\u0636 \u0645\u062f\u0645\u062c\u060c \u0641\u0647\u064a \u0633\u0647\u0644\u0629 \u0627\u0644\u062d\u0645\u0644 \u0648\u0633\u0647\u0644\u0629 \u0627\u0644\u062a\u0639\u0628\u0626\u0629 \u0648\u0645\u0646\u0627\u0633\u0628\u0629 \u0644\u0648\u0636\u0639 \u0634\u0639\u0627\u0631 \u0627\u0644\u0639\u0644\u0627\u0645\u0629 \u0627\u0644\u062a\u062c\u0627\u0631\u064a\u0629 \u0627\u0644\u0645\u062e\u0635\u0635\u0629.<\/p>","protected":false},"featured_media":47514,"template":"","meta":{"_gspb_post_css":""},"product_brand":[],"product_cat":[26],"product_tag":[],"class_list":{"0":"post-47513","1":"product","2":"type-product","3":"status-publish","4":"has-post-thumbnail","6":"product_cat-bags","8":"first","9":"instock","10":"shipping-taxable","11":"product-type-simple"},"_links":{"self":[{"href":"https:\/\/globalgiftsupplier.com\/ar\/wp-json\/wp\/v2\/product\/47513","targetHints":{"allow":["GET"]}}],"collection":[{"href":"https:\/\/globalgiftsupplier.com\/ar\/wp-json\/wp\/v2\/product"}],"about":[{"href":"https:\/\/globalgiftsupplier.com\/ar\/wp-json\/wp\/v2\/types\/product"}],"wp:featuredmedia":[{"embeddable":true,"href":"https:\/\/globalgiftsupplier.com\/ar\/wp-json\/wp\/v2\/media\/47514"}],"wp:attachment":[{"href":"https:\/\/globalgiftsupplier.com\/ar\/wp-json\/wp\/v2\/media?parent=47513"}],"wp:term":[{"taxonomy":"product_brand","embeddable":true,"href":"https:\/\/globalgiftsupplier.com\/ar\/wp-json\/wp\/v2\/product_brand?post=47513"},{"taxonomy":"product_cat","embeddable":true,"href":"https:\/\/globalgiftsupplier.com\/ar\/wp-json\/wp\/v2\/product_cat?post=47513"},{"taxonomy":"product_tag","embeddable":true,"href":"https:\/\/globalgiftsupplier.com\/ar\/wp-json\/wp\/v2\/product_tag?post=47513"}],"curies":[{"name":"wp","href":"https:\/\/api.w.org\/{rel}","templated":true}]}}