{"id":47475,"date":"2026-03-31T09:48:43","date_gmt":"2026-03-31T09:48:43","guid":{"rendered":"https:\/\/globalgiftsupplier.com\/?post_type=product&#038;p=47475"},"modified":"2026-03-31T09:48:44","modified_gmt":"2026-03-31T09:48:44","slug":"custom-rectangular-felt-raised-garden-bed-planter","status":"publish","type":"product","link":"https:\/\/globalgiftsupplier.com\/ar\/product\/custom-rectangular-felt-raised-garden-bed-planter\/","title":{"rendered":"\u0623\u0635\u064a\u0635 \u0632\u0627\u0631\u0639 \u062d\u062f\u0627\u0626\u0642 \u0645\u0631\u062a\u0641\u0639 \u0645\u0633\u062a\u0637\u064a\u0644 \u0627\u0644\u0634\u0643\u0644 \u0645\u0635\u0646\u0648\u0639 \u0645\u0646 \u0627\u0644\u0644\u0628\u0627\u062f \u0627\u0644\u0645\u062e\u0635\u0635"},"content":{"rendered":"<p data-start=\"1463\" data-end=\"1853\">\u0635\u064f\u0645\u0645 \u0647\u0630\u0627 \u0627\u0644\u0633\u0631\u064a\u0631 \u0627\u0644\u0645\u0631\u062a\u0641\u0639 \u0627\u0644\u0645\u0633\u062a\u0637\u064a\u0644 \u0627\u0644\u0634\u0643\u0644 \u0648\u0627\u0644\u0645\u0635\u0646\u0648\u0639 \u0645\u0646 \u0627\u0644\u0644\u0628\u0627\u062f \u0627\u0644\u0645\u062e\u0635\u0635 \u0644\u0632\u0631\u0627\u0639\u0629 \u0627\u0644\u062d\u062f\u0627\u0626\u0642 \u0641\u064a \u0627\u0644\u062d\u062f\u0627\u0626\u0642 \u0648\u0627\u0644\u0628\u0627\u062d\u0627\u062a \u0648\u0627\u0644\u0634\u0631\u0641\u0627\u062a \u0648\u0627\u0644\u0633\u0627\u062d\u0627\u062a \u0648\u063a\u064a\u0631\u0647\u0627 \u0645\u0646 \u0627\u0644\u0645\u0633\u0627\u062d\u0627\u062a \u0627\u0644\u062e\u0627\u0631\u062c\u064a\u0629. \u064a\u0633\u0627\u0639\u062f \u0634\u0643\u0644\u0647 \u0627\u0644\u0645\u0633\u062a\u0637\u064a\u0644 \u0627\u0644\u0643\u0628\u064a\u0631 \u0648\u062a\u0635\u0645\u064a\u0645\u0647 \u0627\u0644\u0645\u0642\u0633\u0645 \u0639\u0644\u0649 \u0641\u0635\u0644 \u0627\u0644\u0646\u0628\u0627\u062a\u0627\u062a \u0627\u0644\u0645\u062e\u062a\u0644\u0641\u0629 \u0641\u064a \u0633\u0631\u064a\u0631 \u0648\u0627\u062d\u062f\u060c \u0645\u0645\u0627 \u064a\u062c\u0639\u0644\u0647 \u062e\u064a\u0627\u0631\u0627\u064b \u0639\u0645\u0644\u064a\u0627\u064b \u0644\u0644\u062e\u0636\u0631\u0648\u0627\u062a \u0648\u0627\u0644\u0623\u0639\u0634\u0627\u0628 \u0648\u0627\u0644\u0632\u0647\u0648\u0631 \u0648\u0627\u0644\u0641\u0631\u0627\u0648\u0644\u0629 \u0648\u0627\u0644\u062e\u0636\u0631\u0627\u0648\u0627\u062a \u0627\u0644\u0648\u0631\u0642\u064a\u0629 \u0648\u0645\u062d\u0627\u0635\u064a\u0644 \u0627\u0644\u062d\u062f\u0627\u0626\u0642 \u0627\u0644\u0635\u063a\u064a\u0631\u0629.<\/p>\n<p data-start=\"1855\" data-end=\"2180\">\u0645\u0635\u0646\u0648\u0639 \u0645\u0646 \u062e\u0627\u0645\u0629 \u0633\u0645\u064a\u0643\u0629 \u0645\u0646 \u0627\u0644\u0644\u0628\u0627\u062f \u0627\u0644\u0633\u0645\u064a\u0643 \u0627\u0644\u0642\u0627\u0628\u0644 \u0644\u0644\u062a\u0646\u0641\u0633\u060c \u0648\u064a\u0648\u0641\u0631 \u0647\u0630\u0627 \u0627\u0644\u0623\u0635\u064a\u0635 \u062d\u0644\u0627\u064b \u062e\u0641\u064a\u0641 \u0627\u0644\u0648\u0632\u0646 \u0648\u0642\u0627\u0628\u0644 \u0644\u0625\u0639\u0627\u062f\u0629 \u0627\u0644\u0627\u0633\u062a\u062e\u062f\u0627\u0645 \u0644\u0644\u0632\u0631\u0627\u0639\u0629 \u064a\u0633\u0647\u0644 \u0625\u0639\u062f\u0627\u062f\u0647 \u0648\u0646\u0642\u0644\u0647 \u0648\u0637\u064a\u0647 \u0648\u062a\u062e\u0632\u064a\u0646\u0647. \u064a\u0633\u0627\u0639\u062f \u0627\u0644\u0647\u064a\u0643\u0644 \u0627\u0644\u0646\u0627\u0639\u0645 \u0648\u0627\u0644\u0645\u062a\u064a\u0646 \u0641\u064a \u0646\u0641\u0633 \u0627\u0644\u0648\u0642\u062a \u0639\u0644\u0649 \u062a\u0648\u0641\u064a\u0631 \u0627\u0644\u0645\u0633\u0627\u062d\u0629 \u0639\u0646\u062f \u0639\u062f\u0645 \u0627\u0644\u0627\u0633\u062a\u062e\u062f\u0627\u0645\u060c \u0628\u064a\u0646\u0645\u0627 \u062a\u062f\u0639\u0645 \u0627\u0644\u0645\u0627\u062f\u0629 \u0627\u0644\u0642\u0627\u0628\u0644\u0629 \u0644\u0644\u062a\u0646\u0641\u0633 \u0628\u064a\u0626\u0629 \u0639\u0645\u0644\u064a\u0629 \u0623\u0643\u062b\u0631 \u0644\u0644\u0632\u0631\u0627\u0639\u0629 \u0627\u0644\u0645\u0648\u0633\u0645\u064a\u0629.<\/p>\n<p data-start=\"2182\" data-end=\"2619\">\u064a\u0633\u0627\u0639\u062f \u0627\u0644\u062a\u0635\u0645\u064a\u0645 \u0627\u0644\u062f\u0627\u062e\u0644\u064a \u0627\u0644\u0645\u0642\u0633\u0645 \u0639\u0644\u0649 \u0625\u0628\u0642\u0627\u0621 \u0645\u0646\u0627\u0637\u0642 \u0627\u0644\u0632\u0631\u0627\u0639\u0629 \u0623\u0643\u062b\u0631 \u062a\u0646\u0638\u064a\u0645\u0627\u064b\u060c \u0645\u0645\u0627 \u064a\u0633\u0647\u0644 \u0632\u0631\u0627\u0639\u0629 \u0623\u0635\u0646\u0627\u0641 \u0645\u062a\u0639\u062f\u062f\u0629 \u0641\u064a \u0646\u0641\u0633 \u0627\u0644\u0648\u0642\u062a. \u0648\u0647\u064a \u0645\u0646\u0627\u0633\u0628\u0629 \u0644\u0632\u0627\u0631\u0639\u064a \u0627\u0644\u062d\u062f\u0627\u0626\u0642 \u0627\u0644\u0645\u0646\u0632\u0644\u064a\u0629\u060c \u0648\u0645\u0634\u0627\u0631\u064a\u0639 \u0627\u0644\u0628\u0633\u062a\u0646\u0629 \u0627\u0644\u062d\u0636\u0631\u064a\u0629\u060c \u0648\u0632\u0631\u0627\u0639\u0629 \u0627\u0644\u0641\u0646\u0627\u0621\u060c \u0648\u0627\u0633\u062a\u062e\u062f\u0627\u0645 \u0627\u0644\u0641\u0646\u0627\u0621 \u0627\u0644\u062e\u0644\u0641\u064a\u060c \u0648\u0627\u0644\u0639\u0631\u0648\u0636 \u0627\u0644\u062a\u0631\u0648\u064a\u062c\u064a\u0629 \u0627\u0644\u0645\u0648\u0633\u0645\u064a\u0629 \u0644\u0644\u062d\u062f\u0627\u0626\u0642. \u064a\u0645\u0643\u0646 \u0623\u064a\u0636\u064b\u0627 \u062a\u062e\u0635\u064a\u0635 \u0627\u0644\u0644\u0648\u062d\u0629 \u0627\u0644\u0623\u0645\u0627\u0645\u064a\u0629 \u0628\u0634\u0639\u0627\u0631\u0643\u060c \u0645\u0645\u0627 \u064a\u062c\u0639\u0644\u0647\u0627 \u0639\u0646\u0635\u0631\u064b\u0627 \u0645\u0641\u064a\u062f\u064b\u0627 \u0644\u0644\u0639\u0644\u0627\u0645\u0627\u062a \u0627\u0644\u062a\u062c\u0627\u0631\u064a\u0629 \u0627\u0644\u062e\u0627\u0635\u0629 \u0628\u0627\u0644\u0628\u0633\u062a\u0646\u0629\u060c \u0648\u0627\u0644\u0639\u0631\u0648\u0636 \u0627\u0644\u062a\u0631\u0648\u064a\u062c\u064a\u0629 \u0644\u0646\u0645\u0637 \u0627\u0644\u062d\u064a\u0627\u0629 \u0627\u0644\u062e\u0627\u0631\u062c\u064a\u0629\u060c \u0648\u062d\u0645\u0644\u0627\u062a \u062a\u062d\u0633\u064a\u0646 \u0627\u0644\u0645\u0646\u0632\u0644\u060c \u0648\u0645\u062c\u0645\u0648\u0639\u0627\u062a \u0627\u0644\u062d\u062f\u0627\u0626\u0642 \u0628\u0627\u0644\u062a\u062c\u0632\u0626\u0629.<\/p>\n<p data-start=\"2621\" data-end=\"3016\"><strong data-start=\"2621\" data-end=\"2637\">\u0627\u0644\u0645\u064a\u0632\u0627\u062a \u0627\u0644\u0631\u0626\u064a\u0633\u064a\u0629<\/strong><br data-start=\"2637\" data-end=\"2640\" \/>\u062a\u0635\u0645\u064a\u0645 \u0633\u0631\u064a\u0631 \u062d\u062f\u064a\u0642\u0629 \u0645\u0631\u062a\u0641\u0639 \u0645\u0633\u062a\u0637\u064a\u0644 \u0627\u0644\u0634\u0643\u0644<br data-start=\"2676\" data-end=\"2679\" \/>\u062a\u062e\u0637\u064a\u0637 \u0632\u0631\u0627\u0639\u0629 \u0645\u0642\u0633\u0645 \u0645\u062a\u0639\u062f\u062f \u0627\u0644\u0623\u0642\u0633\u0627\u0645<br data-start=\"2716\" data-end=\"2719\" \/>\u062e\u0627\u0645\u0629 \u0645\u0646 \u0627\u0644\u0644\u0628\u0627\u062f \u0642\u0627\u0628\u0644\u0629 \u0644\u0644\u062a\u0646\u0641\u0633<br data-start=\"2749\" data-end=\"2752\" \/>\u0628\u0646\u064a\u0629 \u0633\u0645\u064a\u0643\u0629 \u0648\u0645\u062a\u064a\u0646\u0629<br data-start=\"2782\" data-end=\"2785\" \/>\u0642\u0627\u0628\u0644\u0629 \u0644\u0644\u0637\u064a \u0644\u0633\u0647\u0648\u0644\u0629 \u0627\u0644\u062a\u062e\u0632\u064a\u0646<br data-start=\"2810\" data-end=\"2813\" \/>\u0642\u0627\u0628\u0644\u0629 \u0644\u0625\u0639\u0627\u062f\u0629 \u0627\u0644\u0627\u0633\u062a\u062e\u062f\u0627\u0645 \u0644\u0644\u0632\u0631\u0627\u0639\u0629 \u0627\u0644\u0645\u0648\u0633\u0645\u064a\u0629<br data-start=\"2843\" data-end=\"2846\" \/>\u062e\u0641\u064a\u0641\u0629 \u0627\u0644\u0648\u0632\u0646 \u0648\u0633\u0647\u0644\u0629 \u0627\u0644\u0625\u0639\u062f\u0627\u062f<br data-start=\"2876\" data-end=\"2879\" \/>\u0645\u0646\u0627\u0633\u0628 \u0644\u0644\u062e\u0636\u0631\u0627\u0648\u0627\u062a \u0648\u0627\u0644\u0623\u0639\u0634\u0627\u0628 \u0648\u0627\u0644\u0632\u0647\u0648\u0631 \u0648\u0627\u0644\u062e\u0636\u0631\u0648\u0627\u062a<br data-start=\"2930\" data-end=\"2933\" \/>\u062a\u062a\u0648\u0641\u0631 \u0637\u0628\u0627\u0639\u0629 \u0627\u0644\u0634\u0639\u0627\u0631 \u0627\u0644\u0645\u062e\u0635\u0635<br data-start=\"2963\" data-end=\"2966\" \/>\u0645\u0646\u0627\u0633\u0628\u0629 \u0644\u0644\u0627\u0633\u062a\u062e\u062f\u0627\u0645 \u0641\u064a \u0627\u0644\u062d\u062f\u064a\u0642\u0629 \u0648\u0627\u0644\u0641\u0646\u0627\u0621 \u0648\u0627\u0644\u0639\u0634\u0628 \u0648\u0627\u0644\u0641\u0646\u0627\u0621 \u0627\u0644\u062e\u0644\u0641\u064a<\/p>\n<p data-start=\"3018\" data-end=\"3543\"><strong data-start=\"3018\" data-end=\"3036\">\u0627\u0644\u0645\u0648\u0627\u0635\u0641\u0627\u062a<\/strong><br data-start=\"3036\" data-end=\"3039\" \/>\u0646\u0648\u0639 \u0627\u0644\u0645\u0646\u062a\u062c: \u0623\u0635\u064a\u0635 \u062d\u062f\u064a\u0642\u0629 \u0645\u0631\u062a\u0641\u0639 \u0645\u0646 \u0627\u0644\u0644\u0628\u0627\u062f<br data-start=\"3083\" data-end=\"3086\" \/>\u0627\u0644\u062e\u0627\u0645\u0629: \u0642\u0645\u0627\u0634 \u0644\u0628\u0627\u062f \/ \u062e\u0627\u0645\u0629 \u063a\u064a\u0631 \u0645\u0646\u0633\u0648\u062c\u0629 \u0645\u0646 \u0627\u0644\u0644\u0628\u0627\u062f<br data-start=\"3139\" data-end=\"3142\" \/>\u0627\u0644\u0634\u0643\u0644: \u0645\u0633\u062a\u0637\u064a\u0644 \u0627\u0644\u0634\u0643\u0644<br data-start=\"3160\" data-end=\"3163\" \/>\u0627\u0644\u062a\u0635\u0645\u064a\u0645: \u0633\u0631\u064a\u0631 \u0632\u0627\u0631\u0639 \u0645\u0642\u0633\u0651\u0645 \u0645\u062a\u0639\u062f\u062f \u0627\u0644\u0645\u0642\u0635\u0648\u0631\u0627\u062a<br data-start=\"3208\" data-end=\"3211\" \/>\u0627\u0644\u0645\u064a\u0632\u0629: \u0642\u0627\u0628\u0644\u0629 \u0644\u0644\u062a\u0646\u0641\u0633\u060c \u0642\u0627\u0628\u0644\u0629 \u0644\u0644\u0637\u064a\u060c \u0642\u0627\u0628\u0644\u0629 \u0644\u0625\u0639\u0627\u062f\u0629 \u0627\u0644\u0627\u0633\u062a\u062e\u062f\u0627\u0645\u060c \u062e\u0641\u064a\u0641\u0629 \u0627\u0644\u0648\u0632\u0646<br data-start=\"3263\" data-end=\"3266\" \/>\u0627\u0644\u0644\u0648\u0646 \u0627\u0644\u0645\u0639\u0631\u0648\u0636: \u0623\u0633\u0648\u062f<br data-start=\"3284\" data-end=\"3287\" \/>\u0627\u0644\u062a\u062e\u0635\u064a\u0635: \u0637\u0628\u0627\u0639\u0629 \u0627\u0644\u0634\u0639\u0627\u0631 \u0645\u062a\u0627\u062d\u0629<br data-start=\"3325\" data-end=\"3328\" \/>\u0627\u0644\u062d\u062c\u0645 \u0627\u0644\u0645\u0648\u0636\u062d \u062a\u0642\u0631\u064a\u0628\u064b\u0627: 180 \u00d7 90 \u00d7 90 \u00d7 30 \u0633\u0645<br data-start=\"3364\" data-end=\"3367\" \/>\u062a\u064f\u0633\u062a\u062e\u062f\u0645 \u0644\u0640 \u0627\u0644\u062e\u0636\u0631\u0627\u0648\u0627\u062a \u0648\u0627\u0644\u0623\u0639\u0634\u0627\u0628 \u0648\u0627\u0644\u0632\u0647\u0648\u0631 \u0648\u0627\u0644\u0641\u0631\u0627\u0648\u0644\u0629 \u0648\u0627\u0644\u062e\u0636\u0631\u0627\u0648\u0627\u062a \u0627\u0644\u0648\u0631\u0642\u064a\u0629 \u0648\u0627\u0644\u0632\u0631\u0627\u0639\u0629 \u0627\u0644\u0645\u062e\u062a\u0644\u0637\u0629<br data-start=\"3446\" data-end=\"3449\" \/>\u0627\u0644\u0627\u0633\u062a\u062e\u062f\u0627\u0645: \u0627\u0644\u062d\u062f\u064a\u0642\u0629\u060c \u0648\u0627\u0644\u0641\u0646\u0627\u0621 \u0627\u0644\u062e\u0644\u0641\u064a\u060c \u0648\u0627\u0644\u0641\u0646\u0627\u0621\u060c \u0648\u0627\u0644\u0634\u0631\u0641\u0629\u060c \u0648\u0627\u0644\u062d\u062f\u064a\u0642\u0629\u060c \u0648\u0627\u0644\u0639\u0634\u0628\u060c \u0648\u0627\u0644\u0635\u0648\u0628\u0629 \u0627\u0644\u0632\u0631\u0627\u0639\u064a\u0629\u060c \u0648\u0627\u0644\u0632\u0631\u0627\u0639\u0629 \u0627\u0644\u0645\u0646\u0632\u0644\u064a\u0629<br data-start=\"3527\" data-end=\"3530\" \/>\u0627\u0644\u0645\u0646\u0634\u0623: \u0627\u0644\u0635\u064a\u0646<\/p>\n<p data-start=\"3545\" data-end=\"3913\"><strong data-start=\"3545\" data-end=\"3572\">\u0644\u0645\u0627\u0630\u0627 \u062a\u062e\u062a\u0627\u0631 \u0647\u0630\u0627 \u0627\u0644\u0645\u0646\u062a\u062c<\/strong><br data-start=\"3572\" data-end=\"3575\" \/>\u064a\u062c\u0645\u0639 \u0623\u0635\u064a\u0635 \u0627\u0644\u0632\u0631\u0639 \u0627\u0644\u0645\u0631\u062a\u0641\u0639 \u0647\u0630\u0627 \u0628\u064a\u0646 \u0627\u0644\u0645\u0633\u0627\u062d\u0629 \u0627\u0644\u0639\u0645\u0644\u064a\u0629 \u0644\u0644\u0632\u0631\u0627\u0639\u0629 \u0648\u0627\u0644\u0645\u0638\u0647\u0631 \u0627\u0644\u0623\u0646\u064a\u0642 \u0627\u0644\u0645\u062e\u0635\u0635. \u064a\u0633\u0627\u0639\u062f \u0627\u0644\u062a\u0635\u0645\u064a\u0645 \u0627\u0644\u0645\u0642\u0633\u0645 \u0639\u0644\u0649 \u062a\u0646\u0638\u064a\u0645 \u0627\u0644\u0632\u0631\u0627\u0639\u0629 \u0648\u064a\u0633\u0627\u0639\u062f \u0627\u0644\u062a\u0635\u0645\u064a\u0645 \u0627\u0644\u0645\u0642\u0633\u0645 \u0639\u0644\u0649 \u062a\u0646\u0638\u064a\u0645 \u0627\u0644\u0632\u0631\u0627\u0639\u0629\u060c \u0643\u0645\u0627 \u0623\u0646 \u0627\u0644\u0647\u064a\u0643\u0644 \u0627\u0644\u0645\u0635\u0646\u0648\u0639 \u0645\u0646 \u0627\u0644\u0644\u0628\u0627\u062f \u0633\u0647\u0644 \u0627\u0644\u062a\u062e\u0632\u064a\u0646 \u0648\u0625\u0639\u0627\u062f\u0629 \u0627\u0644\u0627\u0633\u062a\u062e\u062f\u0627\u0645\u060c \u0643\u0645\u0627 \u0623\u0646 \u0627\u0644\u0645\u0633\u0627\u062d\u0629 \u0627\u0644\u0623\u0645\u0627\u0645\u064a\u0629 \u0627\u0644\u0643\u0628\u064a\u0631\u0629 \u0645\u0646\u0627\u0633\u0628\u0629 \u0644\u0648\u0636\u0639 \u0627\u0644\u0639\u0644\u0627\u0645\u0627\u062a \u0627\u0644\u062a\u062c\u0627\u0631\u064a\u0629 \u0627\u0644\u0645\u062e\u0635\u0635\u0629. \u0625\u0646\u0647 \u0645\u0646\u062a\u062c \u0645\u0641\u064a\u062f \u0644\u0643\u0644 \u0645\u0646 \u062e\u0637\u0648\u0637 \u0627\u0644\u0628\u0633\u062a\u0646\u0629 \u0628\u0627\u0644\u062a\u062c\u0632\u0626\u0629 \u0648\u0627\u0644\u0645\u062c\u0645\u0648\u0639\u0627\u062a \u0627\u0644\u062a\u0631\u0648\u064a\u062c\u064a\u0629 \u0627\u0644\u062e\u0627\u0631\u062c\u064a\u0629.<\/p>\n<p data-start=\"3915\" data-end=\"4207\"><strong data-start=\"3915\" data-end=\"3928\">\u0645\u062b\u0627\u0644\u064a \u0644\u0640<\/strong><br data-start=\"3928\" data-end=\"3931\" \/>\u0645\u0631\u0627\u0643\u0632 \u0627\u0644\u062d\u062f\u0627\u0626\u0642<br data-start=\"3945\" data-end=\"3948\" \/>\u0627\u0644\u0639\u0644\u0627\u0645\u0627\u062a \u0627\u0644\u062a\u062c\u0627\u0631\u064a\u0629 \u0644\u0644\u0645\u0646\u0632\u0644 \u0648\u0627\u0644\u062d\u062f\u064a\u0642\u0629<br data-start=\"3968\" data-end=\"3971\" \/>\u0627\u0644\u0639\u0631\u0648\u0636 \u0627\u0644\u062a\u0631\u0648\u064a\u062c\u064a\u0629 \u0644\u0623\u0633\u0644\u0648\u0628 \u0627\u0644\u062d\u064a\u0627\u0629 \u0641\u064a \u0627\u0644\u0647\u0648\u0627\u0621 \u0627\u0644\u0637\u0644\u0642<br data-start=\"3999\" data-end=\"4002\" \/>\u062d\u0645\u0644\u0627\u062a \u0627\u0644\u0628\u0633\u062a\u0646\u0629 \u0627\u0644\u0631\u0628\u064a\u0639\u064a\u0629<br data-start=\"4028\" data-end=\"4031\" \/>\u0623\u0637\u0642\u0645 \u0632\u0631\u0627\u0639\u0629 \u0627\u0644\u062e\u0636\u0631\u0648\u0627\u062a<br data-start=\"4054\" data-end=\"4057\" \/>\u0645\u0646\u062a\u062c\u0627\u062a \u0627\u0644\u0628\u0633\u062a\u0646\u0629 \u0641\u064a \u0627\u0644\u0641\u0646\u0627\u0621 \u0627\u0644\u062e\u0644\u0641\u064a<br data-start=\"4084\" data-end=\"4087\" \/>\u0645\u0634\u0627\u0631\u064a\u0639 \u0627\u0644\u0628\u0633\u062a\u0646\u0629 \u0627\u0644\u062d\u0636\u0631\u064a\u0629<br data-start=\"4111\" data-end=\"4114\" \/>\u0645\u0646\u062a\u062c\u0627\u062a \u062a\u0631\u0648\u064a\u062c\u064a\u0629 \u0635\u062f\u064a\u0642\u0629 \u0644\u0644\u0628\u064a\u0626\u0629<br data-start=\"4147\" data-end=\"4150\" \/>\u0645\u062c\u0645\u0648\u0639\u0627\u062a \u0632\u0627\u0631\u0639 \u0627\u0644\u062a\u062c\u0632\u0626\u0629<br data-start=\"4176\" data-end=\"4179\" \/>\u0627\u0644\u0639\u0631\u0648\u0636 \u0627\u0644\u062a\u0631\u0648\u064a\u062c\u064a\u0629 \u0644\u0644\u0632\u0631\u0627\u0639\u0629 \u0627\u0644\u0645\u0648\u0633\u0645\u064a\u0629<\/p>\n<p data-start=\"4209\" data-end=\"4216\"><strong data-start=\"4209\" data-end=\"4216\">\u0627\u0644\u0623\u0633\u0626\u0644\u0629 \u0627\u0644\u0634\u0627\u0626\u0639\u0629<\/strong><\/p>\n<p data-start=\"4218\" data-end=\"4352\"><strong data-start=\"4218\" data-end=\"4265\">\u0647\u0644 \u064a\u0645\u0643\u0646 \u062a\u062e\u0635\u064a\u0635 \u0623\u0635\u064a\u0635 \u0627\u0644\u0646\u0628\u0627\u062a\u0627\u062a \u0647\u0630\u0627 \u0628\u0634\u0639\u0627\u0631\u061f<\/strong><br data-start=\"4265\" data-end=\"4268\" \/>\u0646\u0639\u0645. \u064a\u0645\u0643\u0646 \u062a\u062e\u0635\u064a\u0635 \u0627\u0644\u0644\u0648\u062d\u0629 \u0627\u0644\u0623\u0645\u0627\u0645\u064a\u0629 \u0628\u0634\u0639\u0627\u0631\u0643 \u0644\u0644\u0627\u0633\u062a\u062e\u062f\u0627\u0645 \u0627\u0644\u062a\u0631\u0648\u064a\u062c\u064a \u0623\u0648 \u0627\u0644\u0628\u064a\u0639 \u0628\u0627\u0644\u062a\u062c\u0632\u0626\u0629.<\/p>\n<p data-start=\"4354\" data-end=\"4505\"><strong data-start=\"4354\" data-end=\"4397\">\u0645\u0627 \u0627\u0644\u0630\u064a \u064a\u0645\u0643\u0646 \u0632\u0631\u0627\u0639\u062a\u0647 \u0641\u064a \u0647\u0630\u0627 \u0627\u0644\u0633\u0631\u064a\u0631 \u0627\u0644\u0645\u0631\u062a\u0641\u0639\u061f<\/strong><br data-start=\"4397\" data-end=\"4400\" \/>\u0645\u0646\u0627\u0633\u0628 \u0644\u0644\u062e\u0636\u0631\u0648\u0627\u062a \u0648\u0627\u0644\u0623\u0639\u0634\u0627\u0628 \u0648\u0627\u0644\u0632\u0647\u0648\u0631 \u0648\u0627\u0644\u0641\u0631\u0627\u0648\u0644\u0629 \u0648\u0627\u0644\u062e\u0636\u0631\u0627\u0648\u0627\u062a \u0627\u0644\u0648\u0631\u0642\u064a\u0629 \u0648\u063a\u064a\u0631\u0647\u0627 \u0645\u0646 \u0646\u0628\u0627\u062a\u0627\u062a \u0627\u0644\u062d\u062f\u0627\u0626\u0642 \u0627\u0644\u0635\u063a\u064a\u0631\u0629.<\/p>\n<p data-start=\"4507\" data-end=\"4625\"><strong data-start=\"4507\" data-end=\"4551\">\u0647\u0644 \u064a\u062d\u062a\u0648\u064a \u0639\u0644\u0649 \u0623\u0642\u0633\u0627\u0645 \u0645\u0646\u0641\u0635\u0644\u0629 \u0644\u0644\u0632\u0631\u0627\u0639\u0629\u061f<\/strong><br data-start=\"4551\" data-end=\"4554\" \/>\u0646\u0639\u0645\u060c \u064a\u062a\u0645\u064a\u0632 \u0628\u062a\u0635\u0645\u064a\u0645 \u062f\u0627\u062e\u0644\u064a \u0645\u0642\u0633\u0645 \u0644\u0632\u0631\u0627\u0639\u0629 \u0623\u0643\u062b\u0631 \u062a\u0646\u0638\u064a\u0645\u0627\u064b.<\/p>\n<p data-start=\"4627\" data-end=\"4723\"><strong data-start=\"4627\" data-end=\"4656\">\u0647\u0644 \u0627\u0644\u0645\u0627\u062f\u0629 \u0642\u0627\u0628\u0644\u0629 \u0644\u0644\u0637\u064a\u061f<\/strong><br data-start=\"4656\" data-end=\"4659\" \/>\u0646\u0639\u0645\u060c \u064a\u0645\u0643\u0646 \u0637\u064a \u0627\u0644\u062e\u0627\u0645\u0629 \u0627\u0644\u0645\u0635\u0646\u0648\u0639\u0629 \u0645\u0646 \u0627\u0644\u0644\u0628\u0627\u062f \u0628\u0634\u0643\u0644 \u0645\u0633\u0637\u062d \u0639\u0646\u062f \u0639\u062f\u0645 \u0627\u0644\u0627\u0633\u062a\u062e\u062f\u0627\u0645.<\/p>\n<p data-start=\"4725\" data-end=\"4802\"><strong data-start=\"4725\" data-end=\"4744\">\u0647\u0644 \u0647\u064a \u0642\u0627\u0628\u0644\u0629 \u0644\u0625\u0639\u0627\u062f\u0629 \u0627\u0644\u0627\u0633\u062a\u062e\u062f\u0627\u0645\u061f<\/strong><br data-start=\"4744\" data-end=\"4747\" \/>\u0646\u0639\u0645\u060c \u0625\u0646\u0647 \u0645\u0635\u0645\u0645 \u0644\u0644\u0627\u0633\u062a\u062e\u062f\u0627\u0645 \u0627\u0644\u0645\u0648\u0633\u0645\u064a \u0627\u0644\u0645\u062a\u0643\u0631\u0631 \u0644\u0644\u0632\u0631\u0627\u0639\u0629.<\/p>\n<p data-start=\"4804\" data-end=\"4903\"><strong data-start=\"4804\" data-end=\"4840\">\u0645\u0627 \u0647\u0648 \u0627\u0644\u062d\u062c\u0645 \u0627\u0644\u0645\u0648\u0636\u062d \u0641\u064a \u0627\u0644\u0635\u0648\u0631\u0629\u061f<\/strong><br data-start=\"4840\" data-end=\"4843\" \/>\u062a\u064f\u0638\u0647\u0631 \u0627\u0644\u0635\u0648\u0631\u0629 \u0627\u0644\u062d\u062c\u0645 \u0627\u0644\u062a\u0642\u0631\u064a\u0628\u064a \u0644\u0640 <strong data-start=\"4882\" data-end=\"4902\">180 \u00d7 90 \u00d7 90 \u00d7 30 \u0633\u0645<\/strong>.<\/p>\n<p data-start=\"4905\" data-end=\"5080\" data-is-last-node=\"\" data-is-only-node=\"\">","protected":false},"excerpt":{"rendered":"<p>\u064a\u064f\u0639\u062f \u0623\u0635\u064a\u0635 \u0627\u0644\u062d\u062f\u064a\u0642\u0629 \u0627\u0644\u0645\u0631\u062a\u0641\u0639 \u0627\u0644\u0645\u0633\u062a\u0637\u064a\u0644 \u0627\u0644\u0645\u0635\u0646\u0648\u0639 \u0645\u0646 \u0627\u0644\u0644\u0628\u0627\u062f \u0627\u0644\u0645\u062e\u0635\u0635 \u0647\u0630\u0627 \u062d\u0644\u0627\u064b \u0639\u0645\u0644\u064a\u064b\u0627 \u0644\u0632\u0631\u0627\u0639\u0629 \u0627\u0644\u062e\u0636\u0631\u0648\u0627\u062a \u0648\u0627\u0644\u0623\u0639\u0634\u0627\u0628 \u0648\u0627\u0644\u0632\u0647\u0648\u0631 \u0648\u0627\u0644\u0646\u0628\u0627\u062a\u0627\u062a \u0627\u0644\u0623\u062e\u0631\u0649 \u0641\u064a \u0623\u0642\u0633\u0627\u0645 \u0645\u0646\u0638\u0645\u0629. \u0645\u0635\u0646\u0648\u0639\u0629 \u0645\u0646 \u0645\u0627\u062f\u0629 \u0627\u0644\u0644\u0628\u0627\u062f \u0627\u0644\u0633\u0645\u064a\u0643\u0629 \u0627\u0644\u0642\u0627\u0628\u0644\u0629 \u0644\u0644\u062a\u0646\u0641\u0633\u060c \u0648\u062a\u062a\u0645\u064a\u0632 \u0628\u062a\u0635\u0645\u064a\u0645 \u0645\u0642\u0633\u0645 \u0648\u0647\u064a\u0643\u0644 \u0642\u0627\u0628\u0644 \u0644\u0644\u0637\u064a \u0648\u0645\u0633\u0627\u062d\u0629 \u0643\u0628\u064a\u0631\u0629 \u0642\u0627\u0628\u0644\u0629 \u0644\u0644\u0637\u0628\u0627\u0639\u0629 \u0644\u062a\u062e\u0635\u064a\u0635 \u0627\u0644\u0634\u0639\u0627\u0631\u060c \u0645\u0645\u0627 \u064a\u062c\u0639\u0644\u0647\u0627 \u0645\u0646\u0627\u0633\u0628\u0629 \u0644\u0643\u0644 \u0645\u0646 \u0627\u0644\u0628\u0633\u062a\u0646\u0629 \u0627\u0644\u0645\u0646\u0632\u0644\u064a\u0629 \u0648\u0627\u0644\u0627\u0633\u062a\u062e\u062f\u0627\u0645 \u0627\u0644\u062a\u0631\u0648\u064a\u062c\u064a.<\/p>","protected":false},"featured_media":47476,"template":"","meta":{"_gspb_post_css":""},"product_brand":[],"product_cat":[30],"product_tag":[],"class_list":{"0":"post-47475","1":"product","2":"type-product","3":"status-publish","4":"has-post-thumbnail","6":"product_cat-home-pets-tools","8":"first","9":"instock","10":"shipping-taxable","11":"product-type-simple"},"_links":{"self":[{"href":"https:\/\/globalgiftsupplier.com\/ar\/wp-json\/wp\/v2\/product\/47475","targetHints":{"allow":["GET"]}}],"collection":[{"href":"https:\/\/globalgiftsupplier.com\/ar\/wp-json\/wp\/v2\/product"}],"about":[{"href":"https:\/\/globalgiftsupplier.com\/ar\/wp-json\/wp\/v2\/types\/product"}],"wp:featuredmedia":[{"embeddable":true,"href":"https:\/\/globalgiftsupplier.com\/ar\/wp-json\/wp\/v2\/media\/47476"}],"wp:attachment":[{"href":"https:\/\/globalgiftsupplier.com\/ar\/wp-json\/wp\/v2\/media?parent=47475"}],"wp:term":[{"taxonomy":"product_brand","embeddable":true,"href":"https:\/\/globalgiftsupplier.com\/ar\/wp-json\/wp\/v2\/product_brand?post=47475"},{"taxonomy":"product_cat","embeddable":true,"href":"https:\/\/globalgiftsupplier.com\/ar\/wp-json\/wp\/v2\/product_cat?post=47475"},{"taxonomy":"product_tag","embeddable":true,"href":"https:\/\/globalgiftsupplier.com\/ar\/wp-json\/wp\/v2\/product_tag?post=47475"}],"curies":[{"name":"wp","href":"https:\/\/api.w.org\/{rel}","templated":true}]}}